{"id":16568,"date":"2024-03-23T12:26:33","date_gmt":"2024-03-23T12:26:33","guid":{"rendered":"https:\/\/acidordesign.ro\/?page_id=16568"},"modified":"2024-11-08T10:50:35","modified_gmt":"2024-11-08T10:50:35","slug":"productie-indoor","status":"publish","type":"page","link":"https:\/\/acidordesign.ro\/index.php\/productie-indoor\/","title":{"rendered":"Produc\u021bie Indoor"},"content":{"rendered":"\t\t<div data-elementor-type=\"wp-page\" data-elementor-id=\"16568\" class=\"elementor elementor-16568\" data-elementor-post-type=\"page\">\n\t\t\t\t\t\t<section class=\"has_ma_el_bg_slider wd-negative-gap elementor-section elementor-top-section elementor-element elementor-element-3eae2951 wd-section-stretch-content elementor-section-height-min-height elementor-section-boxed elementor-section-height-default elementor-section-items-middle jltma-glass-effect-no\" data-id=\"3eae2951\" data-element_type=\"section\" data-settings=\"{&quot;background_background&quot;:&quot;classic&quot;}\">\n\t\t\t\t\t\t<div class=\"elementor-container elementor-column-gap-no\">\n\t\t\t\t\t<div class=\"has_ma_el_bg_slider elementor-column elementor-col-100 elementor-top-column elementor-element elementor-element-23fe8bcd jltma-glass-effect-no\" data-id=\"23fe8bcd\" data-element_type=\"column\" id=\"banner-top\">\n\t\t\t<div class=\"elementor-widget-wrap elementor-element-populated\">\n\t\t\t\t\t\t<div class=\"elementor-element elementor-element-825dc06 jltma-glass-effect-no elementor-widget elementor-widget-heading\" data-id=\"825dc06\" data-element_type=\"widget\" data-widget_type=\"heading.default\">\n\t\t\t\t<div class=\"elementor-widget-container\">\n\t\t\t<h1 class=\"elementor-heading-title elementor-size-default\">Produc\u021bie Indoor<\/h1>\t\t<\/div>\n\t\t\t\t<\/div>\n\t\t\t\t<div class=\"elementor-element elementor-element-6c9955c jltma-glass-effect-no elementor-widget elementor-widget-wd_text_block\" data-id=\"6c9955c\" data-element_type=\"widget\" data-widget_type=\"wd_text_block.default\">\n\t\t\t\t<div class=\"elementor-widget-container\">\n\t\t\t\t\t<div class=\"wd-text-block reset-last-child text-center\">\n\t\t\t\n\t\t\t<p class=\"breadcrumbs\"><a href=\"https:\/\/acidordesign.ro\/\" rel=\"v:url\">Home<\/a> \u00bb <span class=\"current\">Produc\u021bie Indoor<\/span><\/p>\n\t\t\t\t\t<\/div>\n\t\t\t\t<\/div>\n\t\t\t\t<\/div>\n\t\t\t\t\t<\/div>\n\t\t<\/div>\n\t\t\t\t\t<\/div>\n\t\t<\/section>\n\t\t\t\t<section class=\"has_ma_el_bg_slider wd-negative-gap elementor-section elementor-top-section elementor-element elementor-element-1c9344a2 elementor-section-boxed elementor-section-height-default elementor-section-height-default jltma-glass-effect-no\" data-id=\"1c9344a2\" data-element_type=\"section\">\n\t\t\t\t\t\t<div class=\"elementor-container elementor-column-gap-default\">\n\t\t\t\t\t<div class=\"has_ma_el_bg_slider elementor-column elementor-col-50 elementor-top-column elementor-element elementor-element-a4e7846 jltma-glass-effect-no\" data-id=\"a4e7846\" data-element_type=\"column\">\n\t\t\t<div class=\"elementor-widget-wrap elementor-element-populated\">\n\t\t\t\t\t\t<div class=\"elementor-element elementor-element-9d7cf7d jltma-glass-effect-no elementor-widget elementor-widget-wd_text_block\" data-id=\"9d7cf7d\" data-element_type=\"widget\" data-widget_type=\"wd_text_block.default\">\n\t\t\t\t<div class=\"elementor-widget-container\">\n\t\t\t\t\t<div class=\"wd-text-block reset-last-child text-left\">\n\t\t\t\n\t\t\t<h5>Serviciile noastre de produc\u021bie indoor ofer\u0103 solu\u021bii complete pentru a aduce la via\u021b\u0103 orice campanie publicitar\u0103. De la design grafic personalizat \u0219i produc\u021bie de materiale printate de \u00eenalt\u0103 calitate, p\u00e2n\u0103 la montaj \u0219i instalare \u00een loca\u021bii diverse, echipa noastr\u0103 experimentat\u0103 transform\u0103 ideile \u00een realitate. Ce v\u0103 oferim:<\/h5><ul><li><h5>Sisteme modulare pentru amenajarea de standuri expozi\u021bionale \u0219i spa\u021bii de prezentare<\/h5><\/li><li><h5>Materiale POSM<\/h5><\/li><li><h5>Elemente de semnalistic\u0103 \u015fi direc\u0163ionare<\/h5><\/li><li><h5>Panouri, panouri edge lite, display-uri<\/h5><\/li><li><h5>Leaflet dispenser, menu holder, poster frames,<\/h5><\/li><li><h5>Bannere, afi\u0219e, stickere, ecrane digitale, materiale textile, etc<\/h5><\/li><\/ul>\n\t\t\t\t\t<\/div>\n\t\t\t\t<\/div>\n\t\t\t\t<\/div>\n\t\t\t\t\t<\/div>\n\t\t<\/div>\n\t\t\t\t<div class=\"has_ma_el_bg_slider elementor-column elementor-col-50 elementor-top-column elementor-element elementor-element-41bec3dc jltma-glass-effect-no\" data-id=\"41bec3dc\" data-element_type=\"column\">\n\t\t\t<div class=\"elementor-widget-wrap elementor-element-populated\">\n\t\t\t\t\t\t<section class=\"has_ma_el_bg_slider wd-negative-gap elementor-section elementor-inner-section elementor-element elementor-element-46ba3d3 elementor-section-boxed elementor-section-height-default elementor-section-height-default jltma-glass-effect-no\" data-id=\"46ba3d3\" data-element_type=\"section\">\n\t\t\t\t\t\t<div class=\"elementor-container elementor-column-gap-default\">\n\t\t\t\t\t<div class=\"has_ma_el_bg_slider elementor-column elementor-col-50 elementor-inner-column elementor-element elementor-element-22f580c jltma-glass-effect-no\" data-id=\"22f580c\" data-element_type=\"column\">\n\t\t\t<div class=\"elementor-widget-wrap elementor-element-populated\">\n\t\t\t\t\t\t<div class=\"elementor-element elementor-element-bd6a7ff jltma-glass-effect-no elementor-widget elementor-widget-image\" data-id=\"bd6a7ff\" data-element_type=\"widget\" data-widget_type=\"image.default\">\n\t\t\t\t<div class=\"elementor-widget-container\">\n\t\t\t\t\t\t\t\t\t\t<figure class=\"wp-caption\">\n\t\t\t\t\t\t\t\t\t\t\t<a href=\"https:\/\/acidordesign.ro\/wp-content\/uploads\/2024\/11\/IMG-20240920-WA0053.jpg\" data-elementor-open-lightbox=\"yes\" data-elementor-lightbox-title=\"IMG-20240920-WA0053\" data-e-action-hash=\"#elementor-action%3Aaction%3Dlightbox%26settings%3DeyJpZCI6MTY5MjcsInVybCI6Imh0dHBzOlwvXC9hY2lkb3JkZXNpZ24ucm9cL3dwLWNvbnRlbnRcL3VwbG9hZHNcLzIwMjRcLzExXC9JTUctMjAyNDA5MjAtV0EwMDUzLmpwZyJ9\">\n\t\t\t\t\t\t\t<img decoding=\"async\" src=\"https:\/\/acidordesign.ro\/wp-content\/uploads\/elementor\/thumbs\/IMG-20240920-WA0053-qwpbakri795aadxlwe86ussvkrgzgdwr19eqvmr2cq.jpg\" title=\"IMG-20240920-WA0053\" alt=\"IMG-20240920-WA0053\" loading=\"lazy\" \/>\t\t\t\t\t\t\t\t<\/a>\n\t\t\t\t\t\t\t\t\t\t\t<figcaption class=\"widget-image-caption wp-caption-text\"><\/figcaption>\n\t\t\t\t\t\t\t\t\t\t<\/figure>\n\t\t\t\t\t\t\t<\/div>\n\t\t\t\t<\/div>\n\t\t\t\t\t<\/div>\n\t\t<\/div>\n\t\t\t\t<div class=\"has_ma_el_bg_slider elementor-column elementor-col-50 elementor-inner-column elementor-element elementor-element-1e9d2fe jltma-glass-effect-no\" data-id=\"1e9d2fe\" data-element_type=\"column\">\n\t\t\t<div class=\"elementor-widget-wrap elementor-element-populated\">\n\t\t\t\t\t\t<div class=\"elementor-element elementor-element-45ef862 jltma-glass-effect-no elementor-widget elementor-widget-image\" data-id=\"45ef862\" data-element_type=\"widget\" data-widget_type=\"image.default\">\n\t\t\t\t<div class=\"elementor-widget-container\">\n\t\t\t\t\t\t\t\t\t\t\t\t\t\t<a href=\"https:\/\/acidordesign.ro\/wp-content\/uploads\/2024\/11\/Picture2.jpg\" data-elementor-open-lightbox=\"yes\" data-elementor-lightbox-title=\"Picture2\" data-e-action-hash=\"#elementor-action%3Aaction%3Dlightbox%26settings%3DeyJpZCI6MTcxMzIsInVybCI6Imh0dHBzOlwvXC9hY2lkb3JkZXNpZ24ucm9cL3dwLWNvbnRlbnRcL3VwbG9hZHNcLzIwMjRcLzExXC9QaWN0dXJlMi5qcGcifQ%3D%3D\">\n\t\t\t\t\t\t\t<img decoding=\"async\" src=\"https:\/\/acidordesign.ro\/wp-content\/uploads\/elementor\/thumbs\/Picture2-qwr2kvwngvzb4sk867gbgvk20hz2hgn29uh4q4ogq2.jpg\" title=\"Picture2\" alt=\"Picture2\" loading=\"lazy\" \/>\t\t\t\t\t\t\t\t<\/a>\n\t\t\t\t\t\t\t\t\t\t\t\t\t<\/div>\n\t\t\t\t<\/div>\n\t\t\t\t\t<\/div>\n\t\t<\/div>\n\t\t\t\t\t<\/div>\n\t\t<\/section>\n\t\t\t\t<section class=\"has_ma_el_bg_slider wd-negative-gap elementor-section elementor-inner-section elementor-element elementor-element-6d584d2 elementor-section-boxed elementor-section-height-default elementor-section-height-default jltma-glass-effect-no\" data-id=\"6d584d2\" data-element_type=\"section\">\n\t\t\t\t\t\t<div class=\"elementor-container elementor-column-gap-default\">\n\t\t\t\t\t<div class=\"has_ma_el_bg_slider elementor-column elementor-col-50 elementor-inner-column elementor-element elementor-element-d09b0c4 jltma-glass-effect-no\" data-id=\"d09b0c4\" data-element_type=\"column\">\n\t\t\t<div class=\"elementor-widget-wrap elementor-element-populated\">\n\t\t\t\t\t\t<div class=\"elementor-element elementor-element-573277b jltma-glass-effect-no elementor-widget elementor-widget-image\" data-id=\"573277b\" data-element_type=\"widget\" data-widget_type=\"image.default\">\n\t\t\t\t<div class=\"elementor-widget-container\">\n\t\t\t\t\t\t\t\t\t\t\t\t\t\t<a href=\"https:\/\/acidordesign.ro\/wp-content\/uploads\/2024\/11\/IMG-20221025-WA0007-e1731062472131.jpg\" data-elementor-open-lightbox=\"yes\" data-elementor-lightbox-title=\"IMG-20221025-WA0007\" data-e-action-hash=\"#elementor-action%3Aaction%3Dlightbox%26settings%3DeyJpZCI6MTY5MzAsInVybCI6Imh0dHBzOlwvXC9hY2lkb3JkZXNpZ24ucm9cL3dwLWNvbnRlbnRcL3VwbG9hZHNcLzIwMjRcLzExXC9JTUctMjAyMjEwMjUtV0EwMDA3LWUxNzMxMDYyNDcyMTMxLmpwZyJ9\">\n\t\t\t\t\t\t\t<img decoding=\"async\" src=\"https:\/\/acidordesign.ro\/wp-content\/uploads\/elementor\/thumbs\/IMG-20221025-WA0007-e1731062472131-qwr2vkcn44ll1b1stbmqaojkz3c6xo1a2paq0aug16.jpg\" title=\"IMG-20221025-WA0007\" alt=\"IMG-20221025-WA0007\" loading=\"lazy\" \/>\t\t\t\t\t\t\t\t<\/a>\n\t\t\t\t\t\t\t\t\t\t\t\t\t<\/div>\n\t\t\t\t<\/div>\n\t\t\t\t\t<\/div>\n\t\t<\/div>\n\t\t\t\t<div class=\"has_ma_el_bg_slider elementor-column elementor-col-50 elementor-inner-column elementor-element elementor-element-0c266b5 jltma-glass-effect-no\" data-id=\"0c266b5\" data-element_type=\"column\">\n\t\t\t<div class=\"elementor-widget-wrap elementor-element-populated\">\n\t\t\t\t\t\t<div class=\"elementor-element elementor-element-58b96f4 jltma-glass-effect-no elementor-widget elementor-widget-image\" data-id=\"58b96f4\" data-element_type=\"widget\" data-widget_type=\"image.default\">\n\t\t\t\t<div class=\"elementor-widget-container\">\n\t\t\t\t\t\t\t\t\t\t\t\t\t\t<a href=\"https:\/\/acidordesign.ro\/wp-content\/uploads\/2024\/11\/Picture6.jpg\" data-elementor-open-lightbox=\"yes\" data-elementor-lightbox-title=\"Picture6\" data-e-action-hash=\"#elementor-action%3Aaction%3Dlightbox%26settings%3DeyJpZCI6MTcxMzMsInVybCI6Imh0dHBzOlwvXC9hY2lkb3JkZXNpZ24ucm9cL3dwLWNvbnRlbnRcL3VwbG9hZHNcLzIwMjRcLzExXC9QaWN0dXJlNi5qcGcifQ%3D%3D\">\n\t\t\t\t\t\t\t<img decoding=\"async\" src=\"https:\/\/acidordesign.ro\/wp-content\/uploads\/elementor\/thumbs\/Picture6-qwr2mcjm3lzd6yfrmu7fci9va2rmgig1530blmif1m.jpg\" title=\"Picture6\" alt=\"Picture6\" loading=\"lazy\" \/>\t\t\t\t\t\t\t\t<\/a>\n\t\t\t\t\t\t\t\t\t\t\t\t\t<\/div>\n\t\t\t\t<\/div>\n\t\t\t\t\t<\/div>\n\t\t<\/div>\n\t\t\t\t\t<\/div>\n\t\t<\/section>\n\t\t\t\t<section class=\"has_ma_el_bg_slider wd-negative-gap elementor-section elementor-inner-section elementor-element elementor-element-49f39df elementor-section-boxed elementor-section-height-default elementor-section-height-default jltma-glass-effect-no\" data-id=\"49f39df\" data-element_type=\"section\">\n\t\t\t\t\t\t<div class=\"elementor-container elementor-column-gap-default\">\n\t\t\t\t\t<div class=\"has_ma_el_bg_slider elementor-column elementor-col-50 elementor-inner-column elementor-element elementor-element-32a85c5 jltma-glass-effect-no\" data-id=\"32a85c5\" data-element_type=\"column\">\n\t\t\t<div class=\"elementor-widget-wrap elementor-element-populated\">\n\t\t\t\t\t\t<div class=\"elementor-element elementor-element-b255457 jltma-glass-effect-no elementor-widget elementor-widget-image\" data-id=\"b255457\" data-element_type=\"widget\" data-widget_type=\"image.default\">\n\t\t\t\t<div class=\"elementor-widget-container\">\n\t\t\t\t\t\t\t\t\t\t\t\t\t\t<a href=\"https:\/\/acidordesign.ro\/wp-content\/uploads\/2024\/11\/Picture15.jpg\" data-elementor-open-lightbox=\"yes\" data-elementor-lightbox-title=\"Picture15\" data-e-action-hash=\"#elementor-action%3Aaction%3Dlightbox%26settings%3DeyJpZCI6MTcxMzUsInVybCI6Imh0dHBzOlwvXC9hY2lkb3JkZXNpZ24ucm9cL3dwLWNvbnRlbnRcL3VwbG9hZHNcLzIwMjRcLzExXC9QaWN0dXJlMTUuanBnIn0%3D\">\n\t\t\t\t\t\t\t<img decoding=\"async\" src=\"https:\/\/acidordesign.ro\/wp-content\/uploads\/elementor\/thumbs\/Picture15-qwr2oji21ozga792tsc35ycl6fygf35hfxt3wv9ciy.jpg\" title=\"Picture15\" alt=\"Picture15\" loading=\"lazy\" \/>\t\t\t\t\t\t\t\t<\/a>\n\t\t\t\t\t\t\t\t\t\t\t\t\t<\/div>\n\t\t\t\t<\/div>\n\t\t\t\t\t<\/div>\n\t\t<\/div>\n\t\t\t\t<div class=\"has_ma_el_bg_slider elementor-column elementor-col-50 elementor-inner-column elementor-element elementor-element-ee3c9ba jltma-glass-effect-no\" data-id=\"ee3c9ba\" data-element_type=\"column\">\n\t\t\t<div class=\"elementor-widget-wrap elementor-element-populated\">\n\t\t\t\t\t\t<div class=\"elementor-element elementor-element-045b45c jltma-glass-effect-no elementor-widget elementor-widget-image\" data-id=\"045b45c\" data-element_type=\"widget\" data-widget_type=\"image.default\">\n\t\t\t\t<div class=\"elementor-widget-container\">\n\t\t\t\t\t\t\t\t\t\t\t\t\t\t<a href=\"https:\/\/acidordesign.ro\/wp-content\/uploads\/2024\/11\/Picture12.jpg\" data-elementor-open-lightbox=\"yes\" data-elementor-lightbox-title=\"Picture12\" data-e-action-hash=\"#elementor-action%3Aaction%3Dlightbox%26settings%3DeyJpZCI6MTcxMzYsInVybCI6Imh0dHBzOlwvXC9hY2lkb3JkZXNpZ24ucm9cL3dwLWNvbnRlbnRcL3VwbG9hZHNcLzIwMjRcLzExXC9QaWN0dXJlMTIuanBnIn0%3D\">\n\t\t\t\t\t\t\t<img decoding=\"async\" src=\"https:\/\/acidordesign.ro\/wp-content\/uploads\/elementor\/thumbs\/Picture12-qwr2ownspdhgsqpyoy0v4v11hu5leulq5qxwmqpu3u.jpg\" title=\"Picture12\" alt=\"Picture12\" loading=\"lazy\" \/>\t\t\t\t\t\t\t\t<\/a>\n\t\t\t\t\t\t\t\t\t\t\t\t\t<\/div>\n\t\t\t\t<\/div>\n\t\t\t\t\t<\/div>\n\t\t<\/div>\n\t\t\t\t\t<\/div>\n\t\t<\/section>\n\t\t\t\t\t<\/div>\n\t\t<\/div>\n\t\t\t\t\t<\/div>\n\t\t<\/section>\n\t\t\t\t<\/div>\n\t\t","protected":false},"excerpt":{"rendered":"<p>Produc\u021bie Indoor Home \u00bb Produc\u021bie Indoor Serviciile noastre de produc\u021bie indoor ofer\u0103 solu\u021bii complete pentru a aduce la via\u021b\u0103 orice<\/p>\n","protected":false},"author":1,"featured_media":0,"parent":0,"menu_order":0,"comment_status":"closed","ping_status":"closed","template":"elementor_header_footer","meta":{"footnotes":""},"class_list":["post-16568","page","type-page","status-publish","hentry"],"yoast_head":"<!-- This site is optimized with the Yoast SEO plugin v23.8 - https:\/\/yoast.com\/wordpress\/plugins\/seo\/ -->\n<title>Produc\u021bie Indoor - Servicii Axico<\/title>\n<meta name=\"robots\" content=\"index, follow, max-snippet:-1, max-image-preview:large, max-video-preview:-1\" \/>\n<link rel=\"canonical\" href=\"https:\/\/acidordesign.ro\/index.php\/productie-indoor\/\" \/>\n<meta property=\"og:locale\" content=\"en_US\" \/>\n<meta property=\"og:type\" content=\"article\" \/>\n<meta property=\"og:title\" content=\"Produc\u021bie Indoor - Servicii Axico\" \/>\n<meta property=\"og:description\" content=\"Produc\u021bie Indoor Home \u00bb Produc\u021bie Indoor Serviciile noastre de produc\u021bie indoor ofer\u0103 solu\u021bii complete pentru a aduce la via\u021b\u0103 orice\" \/>\n<meta property=\"og:url\" content=\"https:\/\/acidordesign.ro\/index.php\/productie-indoor\/\" \/>\n<meta property=\"og:site_name\" content=\"Servicii Axico\" \/>\n<meta property=\"article:modified_time\" content=\"2024-11-08T10:50:35+00:00\" \/>\n<meta property=\"og:image\" content=\"https:\/\/acidordesign.ro\/wp-content\/uploads\/elementor\/thumbs\/IMG-20240920-WA0053-qwpbakri795aadxlwe86ussvkrgzgdwr19eqvmr2cq.jpg\" \/>\n<meta name=\"twitter:card\" content=\"summary_large_image\" \/>\n<meta name=\"twitter:label1\" content=\"Est. reading time\" \/>\n\t<meta name=\"twitter:data1\" content=\"2 minutes\" \/>\n<script type=\"application\/ld+json\" class=\"yoast-schema-graph\">{\"@context\":\"https:\/\/schema.org\",\"@graph\":[{\"@type\":\"WebPage\",\"@id\":\"https:\/\/acidordesign.ro\/index.php\/productie-indoor\/\",\"url\":\"https:\/\/acidordesign.ro\/index.php\/productie-indoor\/\",\"name\":\"Produc\u021bie Indoor - Servicii Axico\",\"isPartOf\":{\"@id\":\"https:\/\/acidordesign.ro\/#website\"},\"primaryImageOfPage\":{\"@id\":\"https:\/\/acidordesign.ro\/index.php\/productie-indoor\/#primaryimage\"},\"image\":{\"@id\":\"https:\/\/acidordesign.ro\/index.php\/productie-indoor\/#primaryimage\"},\"thumbnailUrl\":\"https:\/\/acidordesign.ro\/wp-content\/uploads\/elementor\/thumbs\/IMG-20240920-WA0053-qwpbakri795aadxlwe86ussvkrgzgdwr19eqvmr2cq.jpg\",\"datePublished\":\"2024-03-23T12:26:33+00:00\",\"dateModified\":\"2024-11-08T10:50:35+00:00\",\"breadcrumb\":{\"@id\":\"https:\/\/acidordesign.ro\/index.php\/productie-indoor\/#breadcrumb\"},\"inLanguage\":\"en-US\",\"potentialAction\":[{\"@type\":\"ReadAction\",\"target\":[\"https:\/\/acidordesign.ro\/index.php\/productie-indoor\/\"]}]},{\"@type\":\"ImageObject\",\"inLanguage\":\"en-US\",\"@id\":\"https:\/\/acidordesign.ro\/index.php\/productie-indoor\/#primaryimage\",\"url\":\"https:\/\/acidordesign.ro\/wp-content\/uploads\/elementor\/thumbs\/IMG-20240920-WA0053-qwpbakri795aadxlwe86ussvkrgzgdwr19eqvmr2cq.jpg\",\"contentUrl\":\"https:\/\/acidordesign.ro\/wp-content\/uploads\/elementor\/thumbs\/IMG-20240920-WA0053-qwpbakri795aadxlwe86ussvkrgzgdwr19eqvmr2cq.jpg\"},{\"@type\":\"BreadcrumbList\",\"@id\":\"https:\/\/acidordesign.ro\/index.php\/productie-indoor\/#breadcrumb\",\"itemListElement\":[{\"@type\":\"ListItem\",\"position\":1,\"name\":\"Prima pagin\u0103\",\"item\":\"https:\/\/acidordesign.ro\/\"},{\"@type\":\"ListItem\",\"position\":2,\"name\":\"Produc\u021bie Indoor\"}]},{\"@type\":\"WebSite\",\"@id\":\"https:\/\/acidordesign.ro\/#website\",\"url\":\"https:\/\/acidordesign.ro\/\",\"name\":\"Servicii Axico\",\"description\":\"\",\"potentialAction\":[{\"@type\":\"SearchAction\",\"target\":{\"@type\":\"EntryPoint\",\"urlTemplate\":\"https:\/\/acidordesign.ro\/?s={search_term_string}\"},\"query-input\":{\"@type\":\"PropertyValueSpecification\",\"valueRequired\":true,\"valueName\":\"search_term_string\"}}],\"inLanguage\":\"en-US\"}]}<\/script>\n<!-- \/ Yoast SEO plugin. -->","yoast_head_json":{"title":"Produc\u021bie Indoor - Servicii Axico","robots":{"index":"index","follow":"follow","max-snippet":"max-snippet:-1","max-image-preview":"max-image-preview:large","max-video-preview":"max-video-preview:-1"},"canonical":"https:\/\/acidordesign.ro\/index.php\/productie-indoor\/","og_locale":"en_US","og_type":"article","og_title":"Produc\u021bie Indoor - Servicii Axico","og_description":"Produc\u021bie Indoor Home \u00bb Produc\u021bie Indoor Serviciile noastre de produc\u021bie indoor ofer\u0103 solu\u021bii complete pentru a aduce la via\u021b\u0103 orice","og_url":"https:\/\/acidordesign.ro\/index.php\/productie-indoor\/","og_site_name":"Servicii Axico","article_modified_time":"2024-11-08T10:50:35+00:00","og_image":[{"url":"https:\/\/acidordesign.ro\/wp-content\/uploads\/elementor\/thumbs\/IMG-20240920-WA0053-qwpbakri795aadxlwe86ussvkrgzgdwr19eqvmr2cq.jpg"}],"twitter_card":"summary_large_image","twitter_misc":{"Est. reading time":"2 minutes"},"schema":{"@context":"https:\/\/schema.org","@graph":[{"@type":"WebPage","@id":"https:\/\/acidordesign.ro\/index.php\/productie-indoor\/","url":"https:\/\/acidordesign.ro\/index.php\/productie-indoor\/","name":"Produc\u021bie Indoor - Servicii Axico","isPartOf":{"@id":"https:\/\/acidordesign.ro\/#website"},"primaryImageOfPage":{"@id":"https:\/\/acidordesign.ro\/index.php\/productie-indoor\/#primaryimage"},"image":{"@id":"https:\/\/acidordesign.ro\/index.php\/productie-indoor\/#primaryimage"},"thumbnailUrl":"https:\/\/acidordesign.ro\/wp-content\/uploads\/elementor\/thumbs\/IMG-20240920-WA0053-qwpbakri795aadxlwe86ussvkrgzgdwr19eqvmr2cq.jpg","datePublished":"2024-03-23T12:26:33+00:00","dateModified":"2024-11-08T10:50:35+00:00","breadcrumb":{"@id":"https:\/\/acidordesign.ro\/index.php\/productie-indoor\/#breadcrumb"},"inLanguage":"en-US","potentialAction":[{"@type":"ReadAction","target":["https:\/\/acidordesign.ro\/index.php\/productie-indoor\/"]}]},{"@type":"ImageObject","inLanguage":"en-US","@id":"https:\/\/acidordesign.ro\/index.php\/productie-indoor\/#primaryimage","url":"https:\/\/acidordesign.ro\/wp-content\/uploads\/elementor\/thumbs\/IMG-20240920-WA0053-qwpbakri795aadxlwe86ussvkrgzgdwr19eqvmr2cq.jpg","contentUrl":"https:\/\/acidordesign.ro\/wp-content\/uploads\/elementor\/thumbs\/IMG-20240920-WA0053-qwpbakri795aadxlwe86ussvkrgzgdwr19eqvmr2cq.jpg"},{"@type":"BreadcrumbList","@id":"https:\/\/acidordesign.ro\/index.php\/productie-indoor\/#breadcrumb","itemListElement":[{"@type":"ListItem","position":1,"name":"Prima pagin\u0103","item":"https:\/\/acidordesign.ro\/"},{"@type":"ListItem","position":2,"name":"Produc\u021bie Indoor"}]},{"@type":"WebSite","@id":"https:\/\/acidordesign.ro\/#website","url":"https:\/\/acidordesign.ro\/","name":"Servicii Axico","description":"","potentialAction":[{"@type":"SearchAction","target":{"@type":"EntryPoint","urlTemplate":"https:\/\/acidordesign.ro\/?s={search_term_string}"},"query-input":{"@type":"PropertyValueSpecification","valueRequired":true,"valueName":"search_term_string"}}],"inLanguage":"en-US"}]}},"_links":{"self":[{"href":"https:\/\/acidordesign.ro\/index.php\/wp-json\/wp\/v2\/pages\/16568","targetHints":{"allow":["GET"]}}],"collection":[{"href":"https:\/\/acidordesign.ro\/index.php\/wp-json\/wp\/v2\/pages"}],"about":[{"href":"https:\/\/acidordesign.ro\/index.php\/wp-json\/wp\/v2\/types\/page"}],"author":[{"embeddable":true,"href":"https:\/\/acidordesign.ro\/index.php\/wp-json\/wp\/v2\/users\/1"}],"replies":[{"embeddable":true,"href":"https:\/\/acidordesign.ro\/index.php\/wp-json\/wp\/v2\/comments?post=16568"}],"version-history":[{"count":61,"href":"https:\/\/acidordesign.ro\/index.php\/wp-json\/wp\/v2\/pages\/16568\/revisions"}],"predecessor-version":[{"id":17160,"href":"https:\/\/acidordesign.ro\/index.php\/wp-json\/wp\/v2\/pages\/16568\/revisions\/17160"}],"wp:attachment":[{"href":"https:\/\/acidordesign.ro\/index.php\/wp-json\/wp\/v2\/media?parent=16568"}],"curies":[{"name":"wp","href":"https:\/\/api.w.org\/{rel}","templated":true}]}}