{"id":16582,"date":"2024-03-23T12:46:08","date_gmt":"2024-03-23T12:46:08","guid":{"rendered":"https:\/\/acidordesign.ro\/?page_id=16582"},"modified":"2024-11-10T13:47:05","modified_gmt":"2024-11-10T13:47:05","slug":"servicii-parteneri","status":"publish","type":"page","link":"https:\/\/acidordesign.ro\/index.php\/servicii-parteneri\/","title":{"rendered":"Servicii parteneri"},"content":{"rendered":"\t\t<div data-elementor-type=\"wp-page\" data-elementor-id=\"16582\" class=\"elementor elementor-16582\" data-elementor-post-type=\"page\">\n\t\t\t\t\t\t<section class=\"has_ma_el_bg_slider wd-negative-gap elementor-section elementor-top-section elementor-element elementor-element-3eae2951 wd-section-stretch-content elementor-section-height-min-height elementor-section-boxed elementor-section-height-default elementor-section-items-middle jltma-glass-effect-no\" data-id=\"3eae2951\" data-element_type=\"section\" data-settings=\"{&quot;background_background&quot;:&quot;classic&quot;}\">\n\t\t\t\t\t\t<div class=\"elementor-container elementor-column-gap-no\">\n\t\t\t\t\t<div class=\"has_ma_el_bg_slider elementor-column elementor-col-100 elementor-top-column elementor-element elementor-element-23fe8bcd jltma-glass-effect-no\" data-id=\"23fe8bcd\" data-element_type=\"column\" id=\"banner-top\">\n\t\t\t<div class=\"elementor-widget-wrap elementor-element-populated\">\n\t\t\t\t\t\t<div class=\"elementor-element elementor-element-825dc06 jltma-glass-effect-no elementor-widget elementor-widget-heading\" data-id=\"825dc06\" data-element_type=\"widget\" data-widget_type=\"heading.default\">\n\t\t\t\t<div class=\"elementor-widget-container\">\n\t\t\t<h1 class=\"elementor-heading-title elementor-size-default\">Servicii parteneri<\/h1>\t\t<\/div>\n\t\t\t\t<\/div>\n\t\t\t\t<div class=\"elementor-element elementor-element-6c9955c jltma-glass-effect-no elementor-widget elementor-widget-wd_text_block\" data-id=\"6c9955c\" data-element_type=\"widget\" data-widget_type=\"wd_text_block.default\">\n\t\t\t\t<div class=\"elementor-widget-container\">\n\t\t\t\t\t<div class=\"wd-text-block reset-last-child text-center\">\n\t\t\t\n\t\t\t<p class=\"breadcrumbs\"><a href=\"https:\/\/acidordesign.ro\/\" rel=\"v:url\">Home<\/a> \u00bb <span class=\"current\">Servicii parteneri<\/span><\/p>\n\t\t\t\t\t<\/div>\n\t\t\t\t<\/div>\n\t\t\t\t<\/div>\n\t\t\t\t\t<\/div>\n\t\t<\/div>\n\t\t\t\t\t<\/div>\n\t\t<\/section>\n\t\t\t\t<section class=\"has_ma_el_bg_slider wd-negative-gap elementor-section elementor-top-section elementor-element elementor-element-1c9344a2 elementor-section-boxed elementor-section-height-default elementor-section-height-default jltma-glass-effect-no\" data-id=\"1c9344a2\" data-element_type=\"section\">\n\t\t\t\t\t\t<div class=\"elementor-container elementor-column-gap-default\">\n\t\t\t\t\t<div class=\"has_ma_el_bg_slider elementor-column elementor-col-50 elementor-top-column elementor-element elementor-element-a4e7846 jltma-glass-effect-no\" data-id=\"a4e7846\" data-element_type=\"column\">\n\t\t\t<div class=\"elementor-widget-wrap elementor-element-populated\">\n\t\t\t\t\t\t<div class=\"elementor-element elementor-element-9d7cf7d jltma-glass-effect-no elementor-widget elementor-widget-wd_text_block\" data-id=\"9d7cf7d\" data-element_type=\"widget\" data-widget_type=\"wd_text_block.default\">\n\t\t\t\t<div class=\"elementor-widget-container\">\n\t\t\t\t\t<div class=\"wd-text-block reset-last-child text-left\">\n\t\t\t\n\t\t\t<h5>Prin intermediul colabor\u0103rilor noastre cu speciali\u0219ti \u00een print offset, gravur\u0103 mecanic\u0103 \u0219i laser, putem oferi o gam\u0103 larg\u0103 de servicii, de la crearea de materiale promo\u021bionale personalizate p\u00e2n\u0103 la realizarea de design-uri grafice unice. Aceast\u0103 colaborare ne permite s\u0103 v\u0103 oferim solu\u021bii complete pentru toate nevoile dumneavoastr\u0103 de comunicare vizual\u0103.<\/h5><ul><li><h5>Print offset<\/h5><\/li><li><h5>Gravur\u0103 mecanic\u0103 \u015fi laser<\/h5><\/li><li><h5>Materiale promo\u0163ionale personalizate<\/h5><\/li><li><h5>Servicii de grafic\u0103 \u015fi design<\/h5><\/li><\/ul>\n\t\t\t\t\t<\/div>\n\t\t\t\t<\/div>\n\t\t\t\t<\/div>\n\t\t\t\t\t<\/div>\n\t\t<\/div>\n\t\t\t\t<div class=\"has_ma_el_bg_slider elementor-column elementor-col-50 elementor-top-column elementor-element elementor-element-4dffeeb jltma-glass-effect-no\" data-id=\"4dffeeb\" data-element_type=\"column\">\n\t\t\t<div class=\"elementor-widget-wrap elementor-element-populated\">\n\t\t\t\t\t\t<section class=\"has_ma_el_bg_slider wd-negative-gap elementor-section elementor-inner-section elementor-element elementor-element-a93e1dd elementor-section-boxed elementor-section-height-default elementor-section-height-default jltma-glass-effect-no\" data-id=\"a93e1dd\" data-element_type=\"section\">\n\t\t\t\t\t\t<div class=\"elementor-container elementor-column-gap-default\">\n\t\t\t\t\t<div class=\"has_ma_el_bg_slider elementor-column elementor-col-50 elementor-inner-column elementor-element elementor-element-f77ac6f jltma-glass-effect-no\" data-id=\"f77ac6f\" data-element_type=\"column\">\n\t\t\t<div class=\"elementor-widget-wrap elementor-element-populated\">\n\t\t\t\t\t\t<div class=\"elementor-element elementor-element-61e6ad4 jltma-glass-effect-no elementor-widget elementor-widget-image\" data-id=\"61e6ad4\" data-element_type=\"widget\" data-widget_type=\"image.default\">\n\t\t\t\t<div class=\"elementor-widget-container\">\n\t\t\t\t\t\t\t\t\t\t<figure class=\"wp-caption\">\n\t\t\t\t\t\t\t\t\t\t\t<a href=\"https:\/\/acidordesign.ro\/wp-content\/uploads\/2024\/11\/AdobeStock_965374227-scaled.jpeg\" data-elementor-open-lightbox=\"yes\" data-e-action-hash=\"#elementor-action%3Aaction%3Dlightbox%26settings%3DeyJpZCI6MTcyNDMsInVybCI6Imh0dHBzOlwvXC9hY2lkb3JkZXNpZ24ucm9cL3dwLWNvbnRlbnRcL3VwbG9hZHNcLzIwMjRcLzExXC9BZG9iZVN0b2NrXzk2NTM3NDIyNy1zY2FsZWQuanBlZyJ9\">\n\t\t\t\t\t\t\t<img decoding=\"async\" src=\"https:\/\/acidordesign.ro\/wp-content\/uploads\/elementor\/thumbs\/AdobeStock_965374227-scaled-qwuqnpft3iyyxjx4d05jyiig7w2ilzy4c0sqeknrfu.jpeg\" title=\"\" alt=\"\" loading=\"lazy\" \/>\t\t\t\t\t\t\t\t<\/a>\n\t\t\t\t\t\t\t\t\t\t\t<figcaption class=\"widget-image-caption wp-caption-text\"><\/figcaption>\n\t\t\t\t\t\t\t\t\t\t<\/figure>\n\t\t\t\t\t\t\t<\/div>\n\t\t\t\t<\/div>\n\t\t\t\t\t<\/div>\n\t\t<\/div>\n\t\t\t\t<div class=\"has_ma_el_bg_slider elementor-column elementor-col-50 elementor-inner-column elementor-element elementor-element-ec2f001 jltma-glass-effect-no\" data-id=\"ec2f001\" data-element_type=\"column\">\n\t\t\t<div class=\"elementor-widget-wrap elementor-element-populated\">\n\t\t\t\t\t\t<div class=\"elementor-element elementor-element-2a5ceff jltma-glass-effect-no elementor-widget elementor-widget-image\" data-id=\"2a5ceff\" data-element_type=\"widget\" data-widget_type=\"image.default\">\n\t\t\t\t<div class=\"elementor-widget-container\">\n\t\t\t\t\t\t\t\t\t\t\t\t\t\t<a href=\"https:\/\/acidordesign.ro\/wp-content\/uploads\/2024\/11\/custom_hat_embroidery.webp\" data-elementor-open-lightbox=\"yes\" data-e-action-hash=\"#elementor-action%3Aaction%3Dlightbox%26settings%3DeyJpZCI6MTcyNDQsInVybCI6Imh0dHBzOlwvXC9hY2lkb3JkZXNpZ24ucm9cL3dwLWNvbnRlbnRcL3VwbG9hZHNcLzIwMjRcLzExXC9jdXN0b21faGF0X2VtYnJvaWRlcnkud2VicCJ9\">\n\t\t\t\t\t\t\t<img fetchpriority=\"high\" decoding=\"async\" width=\"1200\" height=\"800\" src=\"https:\/\/acidordesign.ro\/wp-content\/uploads\/2024\/11\/custom_hat_embroidery-1200x800.webp\" class=\"attachment-large size-large wp-image-17244\" alt=\"\" srcset=\"https:\/\/acidordesign.ro\/wp-content\/uploads\/2024\/11\/custom_hat_embroidery-1200x800.webp 1200w, https:\/\/acidordesign.ro\/wp-content\/uploads\/2024\/11\/custom_hat_embroidery-400x267.webp 400w, https:\/\/acidordesign.ro\/wp-content\/uploads\/2024\/11\/custom_hat_embroidery-768x512.webp 768w, https:\/\/acidordesign.ro\/wp-content\/uploads\/2024\/11\/custom_hat_embroidery-1536x1024.webp 1536w, https:\/\/acidordesign.ro\/wp-content\/uploads\/2024\/11\/custom_hat_embroidery-430x287.webp 430w, https:\/\/acidordesign.ro\/wp-content\/uploads\/2024\/11\/custom_hat_embroidery-700x467.webp 700w, https:\/\/acidordesign.ro\/wp-content\/uploads\/2024\/11\/custom_hat_embroidery-150x100.webp 150w, https:\/\/acidordesign.ro\/wp-content\/uploads\/2024\/11\/custom_hat_embroidery.webp 1800w\" sizes=\"(max-width: 1200px) 100vw, 1200px\" \/>\t\t\t\t\t\t\t\t<\/a>\n\t\t\t\t\t\t\t\t\t\t\t\t\t<\/div>\n\t\t\t\t<\/div>\n\t\t\t\t\t<\/div>\n\t\t<\/div>\n\t\t\t\t\t<\/div>\n\t\t<\/section>\n\t\t\t\t<section class=\"has_ma_el_bg_slider wd-negative-gap elementor-section elementor-inner-section elementor-element elementor-element-468725e elementor-section-boxed elementor-section-height-default elementor-section-height-default jltma-glass-effect-no\" data-id=\"468725e\" data-element_type=\"section\">\n\t\t\t\t\t\t<div class=\"elementor-container elementor-column-gap-default\">\n\t\t\t\t\t<div class=\"has_ma_el_bg_slider elementor-column elementor-col-50 elementor-inner-column elementor-element elementor-element-3260048 jltma-glass-effect-no\" data-id=\"3260048\" data-element_type=\"column\">\n\t\t\t<div class=\"elementor-widget-wrap elementor-element-populated\">\n\t\t\t\t\t\t<div class=\"elementor-element elementor-element-da6e7b3 jltma-glass-effect-no elementor-widget elementor-widget-image\" data-id=\"da6e7b3\" data-element_type=\"widget\" data-widget_type=\"image.default\">\n\t\t\t\t<div class=\"elementor-widget-container\">\n\t\t\t\t\t\t\t\t\t\t\t\t\t\t<a href=\"https:\/\/acidordesign.ro\/wp-content\/uploads\/2024\/11\/young-woman-working-animation-studio-scaled.jpg\" data-elementor-open-lightbox=\"yes\" data-elementor-lightbox-title=\"young-woman-working-animation-studio\" data-e-action-hash=\"#elementor-action%3Aaction%3Dlightbox%26settings%3DeyJpZCI6MTcyNDYsInVybCI6Imh0dHBzOlwvXC9hY2lkb3JkZXNpZ24ucm9cL3dwLWNvbnRlbnRcL3VwbG9hZHNcLzIwMjRcLzExXC95b3VuZy13b21hbi13b3JraW5nLWFuaW1hdGlvbi1zdHVkaW8tc2NhbGVkLmpwZyJ9\">\n\t\t\t\t\t\t\t<img decoding=\"async\" width=\"1199\" height=\"800\" src=\"https:\/\/acidordesign.ro\/wp-content\/uploads\/2024\/11\/young-woman-working-animation-studio-1199x800.jpg\" class=\"attachment-large size-large wp-image-17246\" alt=\"\" srcset=\"https:\/\/acidordesign.ro\/wp-content\/uploads\/2024\/11\/young-woman-working-animation-studio-1199x800.jpg 1199w, https:\/\/acidordesign.ro\/wp-content\/uploads\/2024\/11\/young-woman-working-animation-studio-400x267.jpg 400w, https:\/\/acidordesign.ro\/wp-content\/uploads\/2024\/11\/young-woman-working-animation-studio-768x513.jpg 768w, https:\/\/acidordesign.ro\/wp-content\/uploads\/2024\/11\/young-woman-working-animation-studio-1536x1025.jpg 1536w, https:\/\/acidordesign.ro\/wp-content\/uploads\/2024\/11\/young-woman-working-animation-studio-2048x1367.jpg 2048w, https:\/\/acidordesign.ro\/wp-content\/uploads\/2024\/11\/young-woman-working-animation-studio-430x287.jpg 430w, https:\/\/acidordesign.ro\/wp-content\/uploads\/2024\/11\/young-woman-working-animation-studio-700x467.jpg 700w, https:\/\/acidordesign.ro\/wp-content\/uploads\/2024\/11\/young-woman-working-animation-studio-150x100.jpg 150w\" sizes=\"(max-width: 1199px) 100vw, 1199px\" \/>\t\t\t\t\t\t\t\t<\/a>\n\t\t\t\t\t\t\t\t\t\t\t\t\t<\/div>\n\t\t\t\t<\/div>\n\t\t\t\t\t<\/div>\n\t\t<\/div>\n\t\t\t\t<div class=\"has_ma_el_bg_slider elementor-column elementor-col-50 elementor-inner-column elementor-element elementor-element-1a03ed0 jltma-glass-effect-no\" data-id=\"1a03ed0\" data-element_type=\"column\">\n\t\t\t<div class=\"elementor-widget-wrap elementor-element-populated\">\n\t\t\t\t\t\t<div class=\"elementor-element elementor-element-dd81599 jltma-glass-effect-no elementor-widget elementor-widget-image\" data-id=\"dd81599\" data-element_type=\"widget\" data-widget_type=\"image.default\">\n\t\t\t\t<div class=\"elementor-widget-container\">\n\t\t\t\t\t\t\t\t\t\t\t\t\t\t<a href=\"https:\/\/acidordesign.ro\/wp-content\/uploads\/2024\/11\/printing-press-machine-mass-production-action_91128-4369.jpg\" data-elementor-open-lightbox=\"yes\" data-elementor-lightbox-title=\"printing-press-machine-mass-production-action_91128-4369\" data-e-action-hash=\"#elementor-action%3Aaction%3Dlightbox%26settings%3DeyJpZCI6MTcyNDcsInVybCI6Imh0dHBzOlwvXC9hY2lkb3JkZXNpZ24ucm9cL3dwLWNvbnRlbnRcL3VwbG9hZHNcLzIwMjRcLzExXC9wcmludGluZy1wcmVzcy1tYWNoaW5lLW1hc3MtcHJvZHVjdGlvbi1hY3Rpb25fOTExMjgtNDM2OS5qcGcifQ%3D%3D\">\n\t\t\t\t\t\t\t<img decoding=\"async\" src=\"https:\/\/acidordesign.ro\/wp-content\/uploads\/elementor\/thumbs\/printing-press-machine-mass-production-action_91128-4369-qwur4u1xmuf2hr1gceote6wtwnnavfy1csr9839i22.jpg\" title=\"printing-press-machine-mass-production-action_91128-4369\" alt=\"printing-press-machine-mass-production-action_91128-4369\" loading=\"lazy\" \/>\t\t\t\t\t\t\t\t<\/a>\n\t\t\t\t\t\t\t\t\t\t\t\t\t<\/div>\n\t\t\t\t<\/div>\n\t\t\t\t\t<\/div>\n\t\t<\/div>\n\t\t\t\t\t<\/div>\n\t\t<\/section>\n\t\t\t\t<section class=\"has_ma_el_bg_slider wd-negative-gap elementor-section elementor-inner-section elementor-element elementor-element-3bb7a38 elementor-section-boxed elementor-section-height-default elementor-section-height-default jltma-glass-effect-no\" data-id=\"3bb7a38\" data-element_type=\"section\">\n\t\t\t\t\t\t<div class=\"elementor-container elementor-column-gap-default\">\n\t\t\t\t\t<div class=\"has_ma_el_bg_slider elementor-column elementor-col-50 elementor-inner-column elementor-element elementor-element-0c026e4 jltma-glass-effect-no\" data-id=\"0c026e4\" data-element_type=\"column\">\n\t\t\t<div class=\"elementor-widget-wrap elementor-element-populated\">\n\t\t\t\t\t\t<div class=\"elementor-element elementor-element-1542935 jltma-glass-effect-no elementor-widget elementor-widget-image\" data-id=\"1542935\" data-element_type=\"widget\" data-widget_type=\"image.default\">\n\t\t\t\t<div class=\"elementor-widget-container\">\n\t\t\t\t\t\t\t\t\t\t\t\t\t\t<a href=\"https:\/\/acidordesign.ro\/wp-content\/uploads\/2024\/11\/broderie.jpg\" data-elementor-open-lightbox=\"yes\" data-e-action-hash=\"#elementor-action%3Aaction%3Dlightbox%26settings%3DeyJpZCI6MTcyNDgsInVybCI6Imh0dHBzOlwvXC9hY2lkb3JkZXNpZ24ucm9cL3dwLWNvbnRlbnRcL3VwbG9hZHNcLzIwMjRcLzExXC9icm9kZXJpZS5qcGcifQ%3D%3D\">\n\t\t\t\t\t\t\t<img decoding=\"async\" src=\"https:\/\/acidordesign.ro\/wp-content\/uploads\/elementor\/thumbs\/broderie-qwur5zetzjzoolddmwkefwh41lzga4i86hgmc9k6ga.jpg\" title=\"\" alt=\"\" loading=\"lazy\" \/>\t\t\t\t\t\t\t\t<\/a>\n\t\t\t\t\t\t\t\t\t\t\t\t\t<\/div>\n\t\t\t\t<\/div>\n\t\t\t\t\t<\/div>\n\t\t<\/div>\n\t\t\t\t<div class=\"has_ma_el_bg_slider elementor-column elementor-col-50 elementor-inner-column elementor-element elementor-element-e8a8951 jltma-glass-effect-no\" data-id=\"e8a8951\" data-element_type=\"column\">\n\t\t\t<div class=\"elementor-widget-wrap elementor-element-populated\">\n\t\t\t\t\t\t<div class=\"elementor-element elementor-element-a38d226 jltma-glass-effect-no elementor-widget elementor-widget-image\" data-id=\"a38d226\" data-element_type=\"widget\" data-widget_type=\"image.default\">\n\t\t\t\t<div class=\"elementor-widget-container\">\n\t\t\t\t\t\t\t\t\t\t\t\t\t\t<a href=\"https:\/\/acidordesign.ro\/wp-content\/uploads\/2024\/11\/laser-craft_1098-12837.jpg\" data-elementor-open-lightbox=\"yes\" data-e-action-hash=\"#elementor-action%3Aaction%3Dlightbox%26settings%3DeyJpZCI6MTcyNDksInVybCI6Imh0dHBzOlwvXC9hY2lkb3JkZXNpZ24ucm9cL3dwLWNvbnRlbnRcL3VwbG9hZHNcLzIwMjRcLzExXC9sYXNlci1jcmFmdF8xMDk4LTEyODM3LmpwZyJ9\">\n\t\t\t\t\t\t\t<img decoding=\"async\" width=\"1200\" height=\"800\" src=\"https:\/\/acidordesign.ro\/wp-content\/uploads\/2024\/11\/laser-craft_1098-12837-1200x800.jpg\" class=\"attachment-large size-large wp-image-17249\" alt=\"\" srcset=\"https:\/\/acidordesign.ro\/wp-content\/uploads\/2024\/11\/laser-craft_1098-12837-1200x800.jpg 1200w, https:\/\/acidordesign.ro\/wp-content\/uploads\/2024\/11\/laser-craft_1098-12837-400x267.jpg 400w, https:\/\/acidordesign.ro\/wp-content\/uploads\/2024\/11\/laser-craft_1098-12837-768x512.jpg 768w, https:\/\/acidordesign.ro\/wp-content\/uploads\/2024\/11\/laser-craft_1098-12837-430x287.jpg 430w, https:\/\/acidordesign.ro\/wp-content\/uploads\/2024\/11\/laser-craft_1098-12837-700x467.jpg 700w, https:\/\/acidordesign.ro\/wp-content\/uploads\/2024\/11\/laser-craft_1098-12837-150x100.jpg 150w, https:\/\/acidordesign.ro\/wp-content\/uploads\/2024\/11\/laser-craft_1098-12837.jpg 1380w\" sizes=\"(max-width: 1200px) 100vw, 1200px\" \/>\t\t\t\t\t\t\t\t<\/a>\n\t\t\t\t\t\t\t\t\t\t\t\t\t<\/div>\n\t\t\t\t<\/div>\n\t\t\t\t\t<\/div>\n\t\t<\/div>\n\t\t\t\t\t<\/div>\n\t\t<\/section>\n\t\t\t\t\t<\/div>\n\t\t<\/div>\n\t\t\t\t\t<\/div>\n\t\t<\/section>\n\t\t\t\t<\/div>\n\t\t","protected":false},"excerpt":{"rendered":"<p>Servicii parteneri Home \u00bb Servicii parteneri Prin intermediul colabor\u0103rilor noastre cu speciali\u0219ti \u00een print offset, gravur\u0103 mecanic\u0103 \u0219i laser, putem<\/p>\n","protected":false},"author":1,"featured_media":0,"parent":0,"menu_order":0,"comment_status":"closed","ping_status":"closed","template":"elementor_header_footer","meta":{"footnotes":""},"class_list":["post-16582","page","type-page","status-publish","hentry"],"yoast_head":"<!-- This site is optimized with the Yoast SEO plugin v23.8 - https:\/\/yoast.com\/wordpress\/plugins\/seo\/ -->\n<title>Servicii parteneri - Servicii Axico<\/title>\n<meta name=\"robots\" content=\"index, follow, max-snippet:-1, max-image-preview:large, max-video-preview:-1\" \/>\n<link rel=\"canonical\" href=\"https:\/\/acidordesign.ro\/index.php\/servicii-parteneri\/\" \/>\n<meta property=\"og:locale\" content=\"en_US\" \/>\n<meta property=\"og:type\" content=\"article\" \/>\n<meta property=\"og:title\" content=\"Servicii parteneri - Servicii Axico\" \/>\n<meta property=\"og:description\" content=\"Servicii parteneri Home \u00bb Servicii parteneri Prin intermediul colabor\u0103rilor noastre cu speciali\u0219ti \u00een print offset, gravur\u0103 mecanic\u0103 \u0219i laser, putem\" \/>\n<meta property=\"og:url\" content=\"https:\/\/acidordesign.ro\/index.php\/servicii-parteneri\/\" \/>\n<meta property=\"og:site_name\" content=\"Servicii Axico\" \/>\n<meta property=\"article:modified_time\" content=\"2024-11-10T13:47:05+00:00\" \/>\n<meta property=\"og:image\" content=\"https:\/\/acidordesign.ro\/wp-content\/uploads\/elementor\/thumbs\/AdobeStock_965374227-scaled-qwuqnpft3iyyxjx4d05jyiig7w2ilzy4c0sqeknrfu.jpeg\" \/>\n<meta name=\"twitter:card\" content=\"summary_large_image\" \/>\n<meta name=\"twitter:label1\" content=\"Est. reading time\" \/>\n\t<meta name=\"twitter:data1\" content=\"2 minutes\" \/>\n<script type=\"application\/ld+json\" class=\"yoast-schema-graph\">{\"@context\":\"https:\/\/schema.org\",\"@graph\":[{\"@type\":\"WebPage\",\"@id\":\"https:\/\/acidordesign.ro\/index.php\/servicii-parteneri\/\",\"url\":\"https:\/\/acidordesign.ro\/index.php\/servicii-parteneri\/\",\"name\":\"Servicii parteneri - Servicii Axico\",\"isPartOf\":{\"@id\":\"https:\/\/acidordesign.ro\/#website\"},\"primaryImageOfPage\":{\"@id\":\"https:\/\/acidordesign.ro\/index.php\/servicii-parteneri\/#primaryimage\"},\"image\":{\"@id\":\"https:\/\/acidordesign.ro\/index.php\/servicii-parteneri\/#primaryimage\"},\"thumbnailUrl\":\"https:\/\/acidordesign.ro\/wp-content\/uploads\/elementor\/thumbs\/AdobeStock_965374227-scaled-qwuqnpft3iyyxjx4d05jyiig7w2ilzy4c0sqeknrfu.jpeg\",\"datePublished\":\"2024-03-23T12:46:08+00:00\",\"dateModified\":\"2024-11-10T13:47:05+00:00\",\"breadcrumb\":{\"@id\":\"https:\/\/acidordesign.ro\/index.php\/servicii-parteneri\/#breadcrumb\"},\"inLanguage\":\"en-US\",\"potentialAction\":[{\"@type\":\"ReadAction\",\"target\":[\"https:\/\/acidordesign.ro\/index.php\/servicii-parteneri\/\"]}]},{\"@type\":\"ImageObject\",\"inLanguage\":\"en-US\",\"@id\":\"https:\/\/acidordesign.ro\/index.php\/servicii-parteneri\/#primaryimage\",\"url\":\"https:\/\/acidordesign.ro\/wp-content\/uploads\/elementor\/thumbs\/AdobeStock_965374227-scaled-qwuqnpft3iyyxjx4d05jyiig7w2ilzy4c0sqeknrfu.jpeg\",\"contentUrl\":\"https:\/\/acidordesign.ro\/wp-content\/uploads\/elementor\/thumbs\/AdobeStock_965374227-scaled-qwuqnpft3iyyxjx4d05jyiig7w2ilzy4c0sqeknrfu.jpeg\"},{\"@type\":\"BreadcrumbList\",\"@id\":\"https:\/\/acidordesign.ro\/index.php\/servicii-parteneri\/#breadcrumb\",\"itemListElement\":[{\"@type\":\"ListItem\",\"position\":1,\"name\":\"Prima pagin\u0103\",\"item\":\"https:\/\/acidordesign.ro\/\"},{\"@type\":\"ListItem\",\"position\":2,\"name\":\"Servicii parteneri\"}]},{\"@type\":\"WebSite\",\"@id\":\"https:\/\/acidordesign.ro\/#website\",\"url\":\"https:\/\/acidordesign.ro\/\",\"name\":\"Servicii Axico\",\"description\":\"\",\"potentialAction\":[{\"@type\":\"SearchAction\",\"target\":{\"@type\":\"EntryPoint\",\"urlTemplate\":\"https:\/\/acidordesign.ro\/?s={search_term_string}\"},\"query-input\":{\"@type\":\"PropertyValueSpecification\",\"valueRequired\":true,\"valueName\":\"search_term_string\"}}],\"inLanguage\":\"en-US\"}]}<\/script>\n<!-- \/ Yoast SEO plugin. -->","yoast_head_json":{"title":"Servicii parteneri - Servicii Axico","robots":{"index":"index","follow":"follow","max-snippet":"max-snippet:-1","max-image-preview":"max-image-preview:large","max-video-preview":"max-video-preview:-1"},"canonical":"https:\/\/acidordesign.ro\/index.php\/servicii-parteneri\/","og_locale":"en_US","og_type":"article","og_title":"Servicii parteneri - Servicii Axico","og_description":"Servicii parteneri Home \u00bb Servicii parteneri Prin intermediul colabor\u0103rilor noastre cu speciali\u0219ti \u00een print offset, gravur\u0103 mecanic\u0103 \u0219i laser, putem","og_url":"https:\/\/acidordesign.ro\/index.php\/servicii-parteneri\/","og_site_name":"Servicii Axico","article_modified_time":"2024-11-10T13:47:05+00:00","og_image":[{"url":"https:\/\/acidordesign.ro\/wp-content\/uploads\/elementor\/thumbs\/AdobeStock_965374227-scaled-qwuqnpft3iyyxjx4d05jyiig7w2ilzy4c0sqeknrfu.jpeg"}],"twitter_card":"summary_large_image","twitter_misc":{"Est. reading time":"2 minutes"},"schema":{"@context":"https:\/\/schema.org","@graph":[{"@type":"WebPage","@id":"https:\/\/acidordesign.ro\/index.php\/servicii-parteneri\/","url":"https:\/\/acidordesign.ro\/index.php\/servicii-parteneri\/","name":"Servicii parteneri - Servicii Axico","isPartOf":{"@id":"https:\/\/acidordesign.ro\/#website"},"primaryImageOfPage":{"@id":"https:\/\/acidordesign.ro\/index.php\/servicii-parteneri\/#primaryimage"},"image":{"@id":"https:\/\/acidordesign.ro\/index.php\/servicii-parteneri\/#primaryimage"},"thumbnailUrl":"https:\/\/acidordesign.ro\/wp-content\/uploads\/elementor\/thumbs\/AdobeStock_965374227-scaled-qwuqnpft3iyyxjx4d05jyiig7w2ilzy4c0sqeknrfu.jpeg","datePublished":"2024-03-23T12:46:08+00:00","dateModified":"2024-11-10T13:47:05+00:00","breadcrumb":{"@id":"https:\/\/acidordesign.ro\/index.php\/servicii-parteneri\/#breadcrumb"},"inLanguage":"en-US","potentialAction":[{"@type":"ReadAction","target":["https:\/\/acidordesign.ro\/index.php\/servicii-parteneri\/"]}]},{"@type":"ImageObject","inLanguage":"en-US","@id":"https:\/\/acidordesign.ro\/index.php\/servicii-parteneri\/#primaryimage","url":"https:\/\/acidordesign.ro\/wp-content\/uploads\/elementor\/thumbs\/AdobeStock_965374227-scaled-qwuqnpft3iyyxjx4d05jyiig7w2ilzy4c0sqeknrfu.jpeg","contentUrl":"https:\/\/acidordesign.ro\/wp-content\/uploads\/elementor\/thumbs\/AdobeStock_965374227-scaled-qwuqnpft3iyyxjx4d05jyiig7w2ilzy4c0sqeknrfu.jpeg"},{"@type":"BreadcrumbList","@id":"https:\/\/acidordesign.ro\/index.php\/servicii-parteneri\/#breadcrumb","itemListElement":[{"@type":"ListItem","position":1,"name":"Prima pagin\u0103","item":"https:\/\/acidordesign.ro\/"},{"@type":"ListItem","position":2,"name":"Servicii parteneri"}]},{"@type":"WebSite","@id":"https:\/\/acidordesign.ro\/#website","url":"https:\/\/acidordesign.ro\/","name":"Servicii Axico","description":"","potentialAction":[{"@type":"SearchAction","target":{"@type":"EntryPoint","urlTemplate":"https:\/\/acidordesign.ro\/?s={search_term_string}"},"query-input":{"@type":"PropertyValueSpecification","valueRequired":true,"valueName":"search_term_string"}}],"inLanguage":"en-US"}]}},"_links":{"self":[{"href":"https:\/\/acidordesign.ro\/index.php\/wp-json\/wp\/v2\/pages\/16582","targetHints":{"allow":["GET"]}}],"collection":[{"href":"https:\/\/acidordesign.ro\/index.php\/wp-json\/wp\/v2\/pages"}],"about":[{"href":"https:\/\/acidordesign.ro\/index.php\/wp-json\/wp\/v2\/types\/page"}],"author":[{"embeddable":true,"href":"https:\/\/acidordesign.ro\/index.php\/wp-json\/wp\/v2\/users\/1"}],"replies":[{"embeddable":true,"href":"https:\/\/acidordesign.ro\/index.php\/wp-json\/wp\/v2\/comments?post=16582"}],"version-history":[{"count":26,"href":"https:\/\/acidordesign.ro\/index.php\/wp-json\/wp\/v2\/pages\/16582\/revisions"}],"predecessor-version":[{"id":17255,"href":"https:\/\/acidordesign.ro\/index.php\/wp-json\/wp\/v2\/pages\/16582\/revisions\/17255"}],"wp:attachment":[{"href":"https:\/\/acidordesign.ro\/index.php\/wp-json\/wp\/v2\/media?parent=16582"}],"curies":[{"name":"wp","href":"https:\/\/api.w.org\/{rel}","templated":true}]}}