{"id":16584,"date":"2024-03-23T12:45:11","date_gmt":"2024-03-23T12:45:11","guid":{"rendered":"https:\/\/acidordesign.ro\/?page_id=16584"},"modified":"2024-11-08T11:12:04","modified_gmt":"2024-11-08T11:12:04","slug":"productie-outdoor","status":"publish","type":"page","link":"https:\/\/acidordesign.ro\/index.php\/productie-outdoor\/","title":{"rendered":"Produc\u021bie Outdoor"},"content":{"rendered":"\t\t<div data-elementor-type=\"wp-page\" data-elementor-id=\"16584\" class=\"elementor elementor-16584\" data-elementor-post-type=\"page\">\n\t\t\t\t\t\t<section class=\"has_ma_el_bg_slider wd-negative-gap elementor-section elementor-top-section elementor-element elementor-element-3eae2951 wd-section-stretch-content elementor-section-height-min-height elementor-section-boxed elementor-section-height-default elementor-section-items-middle jltma-glass-effect-no\" data-id=\"3eae2951\" data-element_type=\"section\" data-settings=\"{&quot;background_background&quot;:&quot;classic&quot;}\">\n\t\t\t\t\t\t<div class=\"elementor-container elementor-column-gap-no\">\n\t\t\t\t\t<div class=\"has_ma_el_bg_slider elementor-column elementor-col-100 elementor-top-column elementor-element elementor-element-23fe8bcd jltma-glass-effect-no\" data-id=\"23fe8bcd\" data-element_type=\"column\" id=\"banner-top\">\n\t\t\t<div class=\"elementor-widget-wrap elementor-element-populated\">\n\t\t\t\t\t\t<div class=\"elementor-element elementor-element-825dc06 jltma-glass-effect-no elementor-widget elementor-widget-heading\" data-id=\"825dc06\" data-element_type=\"widget\" data-widget_type=\"heading.default\">\n\t\t\t\t<div class=\"elementor-widget-container\">\n\t\t\t<h1 class=\"elementor-heading-title elementor-size-default\">Produc\u021bie Outdoor<\/h1>\t\t<\/div>\n\t\t\t\t<\/div>\n\t\t\t\t<div class=\"elementor-element elementor-element-6c9955c jltma-glass-effect-no elementor-widget elementor-widget-wd_text_block\" data-id=\"6c9955c\" data-element_type=\"widget\" data-widget_type=\"wd_text_block.default\">\n\t\t\t\t<div class=\"elementor-widget-container\">\n\t\t\t\t\t<div class=\"wd-text-block reset-last-child text-center\">\n\t\t\t\n\t\t\t<p class=\"breadcrumbs\"><a href=\"https:\/\/acidordesign.ro\/\" rel=\"v:url\">Home<\/a> \u00bb <span class=\"current\">Produc\u021bie OUTDOOR<\/span><\/p>\n\t\t\t\t\t<\/div>\n\t\t\t\t<\/div>\n\t\t\t\t<\/div>\n\t\t\t\t\t<\/div>\n\t\t<\/div>\n\t\t\t\t\t<\/div>\n\t\t<\/section>\n\t\t\t\t<section class=\"has_ma_el_bg_slider wd-negative-gap elementor-section elementor-top-section elementor-element elementor-element-1c9344a2 elementor-section-boxed elementor-section-height-default elementor-section-height-default jltma-glass-effect-no\" data-id=\"1c9344a2\" data-element_type=\"section\">\n\t\t\t\t\t\t<div class=\"elementor-container elementor-column-gap-default\">\n\t\t\t\t\t<div class=\"has_ma_el_bg_slider elementor-column elementor-col-50 elementor-top-column elementor-element elementor-element-a4e7846 jltma-glass-effect-no\" data-id=\"a4e7846\" data-element_type=\"column\">\n\t\t\t<div class=\"elementor-widget-wrap elementor-element-populated\">\n\t\t\t\t\t\t<div class=\"elementor-element elementor-element-9d7cf7d jltma-glass-effect-no elementor-widget elementor-widget-wd_text_block\" data-id=\"9d7cf7d\" data-element_type=\"widget\" data-widget_type=\"wd_text_block.default\">\n\t\t\t\t<div class=\"elementor-widget-container\">\n\t\t\t\t\t<div class=\"wd-text-block reset-last-child text-left\">\n\t\t\t\n\t\t\t<h5>Oferim solu\u021bii complete de produc\u021bie outdoor, transform\u00e2nd spa\u021biile publice \u00een adev\u0103rate p\u00e2nze publicitare. Echipa noastr\u0103 creeaz\u0103 experien\u021be vizuale unice, care capteaz\u0103 aten\u021bia trec\u0103torilor \u0219i genereaz\u0103 o vizibilitate maxim\u0103 pentru brandul dumneavoastr\u0103. Cu o gam\u0103 variat\u0103 de materiale rezistente la intemperii \u0219i o experien\u021b\u0103 vast\u0103 \u00een montaj \u00een cele mai diverse loca\u021bii, ne asigur\u0103m c\u0103 mesajul dumneavoastr\u0103 este transmis cu claritate \u0219i eficien\u021b\u0103, indiferent de condi\u021biile meteo. Solu\u0163ii publicitare outdoor:<\/h5><ul><li><h5>Caset\u0103 luminoas\u0103 cu litere volumetrice<\/h5><\/li><li><h5>Firme luminoase<\/h5><\/li><li><h5>Semne volumetrice luminate cu tuburi spectrale<\/h5><\/li><li><h5>Inscrip\u021bii \u0219i litere volumetrice<\/h5><\/li><li><h5>Totemuri, billboard-uri, unipoll-uri, copertine, panouri stradale<\/h5><\/li><li><h5>Colant\u0103ri autoturisme<\/h5><\/li><li><h5>Colant\u0103ri autobuze<\/h5><\/li><\/ul>\n\t\t\t\t\t<\/div>\n\t\t\t\t<\/div>\n\t\t\t\t<\/div>\n\t\t\t\t\t<\/div>\n\t\t<\/div>\n\t\t\t\t<div class=\"has_ma_el_bg_slider elementor-column elementor-col-50 elementor-top-column elementor-element elementor-element-1c156f0 jltma-glass-effect-no\" data-id=\"1c156f0\" data-element_type=\"column\">\n\t\t\t<div class=\"elementor-widget-wrap elementor-element-populated\">\n\t\t\t\t\t\t<section class=\"has_ma_el_bg_slider wd-negative-gap elementor-section elementor-inner-section elementor-element elementor-element-c5dd6b7 elementor-section-boxed elementor-section-height-default elementor-section-height-default jltma-glass-effect-no\" data-id=\"c5dd6b7\" data-element_type=\"section\">\n\t\t\t\t\t\t<div class=\"elementor-container elementor-column-gap-default\">\n\t\t\t\t\t<div class=\"has_ma_el_bg_slider elementor-column elementor-col-50 elementor-inner-column elementor-element elementor-element-10f2fff jltma-glass-effect-no\" data-id=\"10f2fff\" data-element_type=\"column\">\n\t\t\t<div class=\"elementor-widget-wrap elementor-element-populated\">\n\t\t\t\t\t\t<div class=\"elementor-element elementor-element-90f70d1 jltma-glass-effect-no elementor-widget elementor-widget-image\" data-id=\"90f70d1\" data-element_type=\"widget\" data-widget_type=\"image.default\">\n\t\t\t\t<div class=\"elementor-widget-container\">\n\t\t\t\t\t\t\t\t\t\t<figure class=\"wp-caption\">\n\t\t\t\t\t\t\t\t\t\t\t<a href=\"https:\/\/acidordesign.ro\/wp-content\/uploads\/2024\/11\/Picture30.jpg\" data-elementor-open-lightbox=\"yes\" data-elementor-lightbox-title=\"Picture30\" data-e-action-hash=\"#elementor-action%3Aaction%3Dlightbox%26settings%3DeyJpZCI6MTcxNjYsInVybCI6Imh0dHBzOlwvXC9hY2lkb3JkZXNpZ24ucm9cL3dwLWNvbnRlbnRcL3VwbG9hZHNcLzIwMjRcLzExXC9QaWN0dXJlMzAuanBnIn0%3D\">\n\t\t\t\t\t\t\t<img decoding=\"async\" src=\"https:\/\/acidordesign.ro\/wp-content\/uploads\/elementor\/thumbs\/Picture30-qwr41rbtwecy75refk7u818gxrdcgjjijjjdjga8q2.jpg\" title=\"Picture30\" alt=\"Picture30\" loading=\"lazy\" \/>\t\t\t\t\t\t\t\t<\/a>\n\t\t\t\t\t\t\t\t\t\t\t<figcaption class=\"widget-image-caption wp-caption-text\"><\/figcaption>\n\t\t\t\t\t\t\t\t\t\t<\/figure>\n\t\t\t\t\t\t\t<\/div>\n\t\t\t\t<\/div>\n\t\t\t\t\t<\/div>\n\t\t<\/div>\n\t\t\t\t<div class=\"has_ma_el_bg_slider elementor-column elementor-col-50 elementor-inner-column elementor-element elementor-element-837c2a8 jltma-glass-effect-no\" data-id=\"837c2a8\" data-element_type=\"column\">\n\t\t\t<div class=\"elementor-widget-wrap elementor-element-populated\">\n\t\t\t\t\t\t<div class=\"elementor-element elementor-element-624c8e1 jltma-glass-effect-no elementor-widget elementor-widget-image\" data-id=\"624c8e1\" data-element_type=\"widget\" data-widget_type=\"image.default\">\n\t\t\t\t<div class=\"elementor-widget-container\">\n\t\t\t\t\t\t\t\t\t\t\t\t\t\t<a href=\"https:\/\/acidordesign.ro\/wp-content\/uploads\/2024\/11\/Picture31.jpg\" data-elementor-open-lightbox=\"yes\" data-elementor-lightbox-title=\"Picture31\" data-e-action-hash=\"#elementor-action%3Aaction%3Dlightbox%26settings%3DeyJpZCI6MTcxNjcsInVybCI6Imh0dHBzOlwvXC9hY2lkb3JkZXNpZ24ucm9cL3dwLWNvbnRlbnRcL3VwbG9hZHNcLzIwMjRcLzExXC9QaWN0dXJlMzEuanBnIn0%3D\">\n\t\t\t\t\t\t\t<img decoding=\"async\" src=\"https:\/\/acidordesign.ro\/wp-content\/uploads\/elementor\/thumbs\/Picture31-qwr41t7ia2fiudoo4l13d0re4j42vxqz7suci07gdm.jpg\" title=\"Picture31\" alt=\"Picture31\" loading=\"lazy\" \/>\t\t\t\t\t\t\t\t<\/a>\n\t\t\t\t\t\t\t\t\t\t\t\t\t<\/div>\n\t\t\t\t<\/div>\n\t\t\t\t\t<\/div>\n\t\t<\/div>\n\t\t\t\t\t<\/div>\n\t\t<\/section>\n\t\t\t\t<section class=\"has_ma_el_bg_slider wd-negative-gap elementor-section elementor-inner-section elementor-element elementor-element-a345a37 elementor-section-boxed elementor-section-height-default elementor-section-height-default jltma-glass-effect-no\" data-id=\"a345a37\" data-element_type=\"section\">\n\t\t\t\t\t\t<div class=\"elementor-container elementor-column-gap-default\">\n\t\t\t\t\t<div class=\"has_ma_el_bg_slider elementor-column elementor-col-50 elementor-inner-column elementor-element elementor-element-301f910 jltma-glass-effect-no\" data-id=\"301f910\" data-element_type=\"column\">\n\t\t\t<div class=\"elementor-widget-wrap elementor-element-populated\">\n\t\t\t\t\t\t<div class=\"elementor-element elementor-element-4e79830 jltma-glass-effect-no elementor-widget elementor-widget-image\" data-id=\"4e79830\" data-element_type=\"widget\" data-widget_type=\"image.default\">\n\t\t\t\t<div class=\"elementor-widget-container\">\n\t\t\t\t\t\t\t\t\t\t\t\t\t\t<a href=\"https:\/\/acidordesign.ro\/wp-content\/uploads\/2024\/11\/Picture35.jpg\" data-elementor-open-lightbox=\"yes\" data-elementor-lightbox-title=\"Picture35\" data-e-action-hash=\"#elementor-action%3Aaction%3Dlightbox%26settings%3DeyJpZCI6MTcxNjMsInVybCI6Imh0dHBzOlwvXC9hY2lkb3JkZXNpZ24ucm9cL3dwLWNvbnRlbnRcL3VwbG9hZHNcLzIwMjRcLzExXC9QaWN0dXJlMzUuanBnIn0%3D\">\n\t\t\t\t\t\t\t<img decoding=\"async\" src=\"https:\/\/acidordesign.ro\/wp-content\/uploads\/elementor\/thumbs\/Picture35-qwr41hxg0202z251yg5kj3luzwnobki7690iqoo6ga.jpg\" title=\"Picture35\" alt=\"Picture35\" loading=\"lazy\" \/>\t\t\t\t\t\t\t\t<\/a>\n\t\t\t\t\t\t\t\t\t\t\t\t\t<\/div>\n\t\t\t\t<\/div>\n\t\t\t\t\t<\/div>\n\t\t<\/div>\n\t\t\t\t<div class=\"has_ma_el_bg_slider elementor-column elementor-col-50 elementor-inner-column elementor-element elementor-element-9b91c5b jltma-glass-effect-no\" data-id=\"9b91c5b\" data-element_type=\"column\">\n\t\t\t<div class=\"elementor-widget-wrap elementor-element-populated\">\n\t\t\t\t\t\t<div class=\"elementor-element elementor-element-d0be950 jltma-glass-effect-no elementor-widget elementor-widget-image\" data-id=\"d0be950\" data-element_type=\"widget\" data-widget_type=\"image.default\">\n\t\t\t\t<div class=\"elementor-widget-container\">\n\t\t\t\t\t\t\t\t\t\t\t\t\t\t<a href=\"https:\/\/acidordesign.ro\/wp-content\/uploads\/2024\/11\/Picture36.jpg\" data-elementor-open-lightbox=\"yes\" data-elementor-lightbox-title=\"Picture36\" data-e-action-hash=\"#elementor-action%3Aaction%3Dlightbox%26settings%3DeyJpZCI6MTcxNjQsInVybCI6Imh0dHBzOlwvXC9hY2lkb3JkZXNpZ24ucm9cL3dwLWNvbnRlbnRcL3VwbG9hZHNcLzIwMjRcLzExXC9QaWN0dXJlMzYuanBnIn0%3D\">\n\t\t\t\t\t\t\t<img decoding=\"async\" src=\"https:\/\/acidordesign.ro\/wp-content\/uploads\/elementor\/thumbs\/Picture36-qwr41kqykk3xxw0yhzdg8kw8s29rynte6myz6ijzxm.jpg\" title=\"Picture36\" alt=\"Picture36\" loading=\"lazy\" \/>\t\t\t\t\t\t\t\t<\/a>\n\t\t\t\t\t\t\t\t\t\t\t\t\t<\/div>\n\t\t\t\t<\/div>\n\t\t\t\t\t<\/div>\n\t\t<\/div>\n\t\t\t\t\t<\/div>\n\t\t<\/section>\n\t\t\t\t<section class=\"has_ma_el_bg_slider wd-negative-gap elementor-section elementor-inner-section elementor-element elementor-element-59aefee elementor-section-boxed elementor-section-height-default elementor-section-height-default jltma-glass-effect-no\" data-id=\"59aefee\" data-element_type=\"section\">\n\t\t\t\t\t\t<div class=\"elementor-container elementor-column-gap-default\">\n\t\t\t\t\t<div class=\"has_ma_el_bg_slider elementor-column elementor-col-50 elementor-inner-column elementor-element elementor-element-0a981e4 jltma-glass-effect-no\" data-id=\"0a981e4\" data-element_type=\"column\">\n\t\t\t<div class=\"elementor-widget-wrap elementor-element-populated\">\n\t\t\t\t\t\t<div class=\"elementor-element elementor-element-4205a12 jltma-glass-effect-no elementor-widget elementor-widget-image\" data-id=\"4205a12\" data-element_type=\"widget\" data-widget_type=\"image.default\">\n\t\t\t\t<div class=\"elementor-widget-container\">\n\t\t\t\t\t\t\t\t\t\t\t\t\t\t<a href=\"https:\/\/acidordesign.ro\/wp-content\/uploads\/2024\/11\/Picture33.jpg\" data-elementor-open-lightbox=\"yes\" data-elementor-lightbox-title=\"Picture33\" data-e-action-hash=\"#elementor-action%3Aaction%3Dlightbox%26settings%3DeyJpZCI6MTcxNjIsInVybCI6Imh0dHBzOlwvXC9hY2lkb3JkZXNpZ24ucm9cL3dwLWNvbnRlbnRcL3VwbG9hZHNcLzIwMjRcLzExXC9QaWN0dXJlMzMuanBnIn0%3D\">\n\t\t\t\t\t\t\t<img decoding=\"async\" src=\"https:\/\/acidordesign.ro\/wp-content\/uploads\/2024\/11\/Picture33.jpg\" title=\"Picture33\" alt=\"Picture33\" loading=\"lazy\" \/>\t\t\t\t\t\t\t\t<\/a>\n\t\t\t\t\t\t\t\t\t\t\t\t\t<\/div>\n\t\t\t\t<\/div>\n\t\t\t\t\t<\/div>\n\t\t<\/div>\n\t\t\t\t<div class=\"has_ma_el_bg_slider elementor-column elementor-col-50 elementor-inner-column elementor-element elementor-element-8ff9ebf jltma-glass-effect-no\" data-id=\"8ff9ebf\" data-element_type=\"column\">\n\t\t\t<div class=\"elementor-widget-wrap elementor-element-populated\">\n\t\t\t\t\t\t<div class=\"elementor-element elementor-element-ba68b72 jltma-glass-effect-no elementor-widget elementor-widget-image\" data-id=\"ba68b72\" data-element_type=\"widget\" data-widget_type=\"image.default\">\n\t\t\t\t<div class=\"elementor-widget-container\">\n\t\t\t\t\t\t\t\t\t\t\t\t\t\t<a href=\"https:\/\/acidordesign.ro\/wp-content\/uploads\/2024\/11\/Picture40.jpg\" data-elementor-open-lightbox=\"yes\" data-elementor-lightbox-title=\"Picture40\" data-e-action-hash=\"#elementor-action%3Aaction%3Dlightbox%26settings%3DeyJpZCI6MTcxNjUsInVybCI6Imh0dHBzOlwvXC9hY2lkb3JkZXNpZ24ucm9cL3dwLWNvbnRlbnRcL3VwbG9hZHNcLzIwMjRcLzExXC9QaWN0dXJlNDAuanBnIn0%3D\">\n\t\t\t\t\t\t\t<img decoding=\"async\" src=\"https:\/\/acidordesign.ro\/wp-content\/uploads\/2024\/11\/Picture40.jpg\" title=\"Picture40\" alt=\"Picture40\" loading=\"lazy\" \/>\t\t\t\t\t\t\t\t<\/a>\n\t\t\t\t\t\t\t\t\t\t\t\t\t<\/div>\n\t\t\t\t<\/div>\n\t\t\t\t\t<\/div>\n\t\t<\/div>\n\t\t\t\t\t<\/div>\n\t\t<\/section>\n\t\t\t\t\t<\/div>\n\t\t<\/div>\n\t\t\t\t\t<\/div>\n\t\t<\/section>\n\t\t\t\t<\/div>\n\t\t","protected":false},"excerpt":{"rendered":"<p>Produc\u021bie Outdoor Home \u00bb Produc\u021bie OUTDOOR Oferim solu\u021bii complete de produc\u021bie outdoor, transform\u00e2nd spa\u021biile publice \u00een adev\u0103rate p\u00e2nze publicitare. Echipa<\/p>\n","protected":false},"author":1,"featured_media":0,"parent":0,"menu_order":0,"comment_status":"closed","ping_status":"closed","template":"elementor_header_footer","meta":{"footnotes":""},"class_list":["post-16584","page","type-page","status-publish","hentry"],"yoast_head":"<!-- This site is optimized with the Yoast SEO plugin v23.8 - https:\/\/yoast.com\/wordpress\/plugins\/seo\/ -->\n<title>Produc\u021bie Outdoor - Servicii Axico<\/title>\n<meta name=\"robots\" content=\"index, follow, max-snippet:-1, max-image-preview:large, max-video-preview:-1\" \/>\n<link rel=\"canonical\" href=\"https:\/\/acidordesign.ro\/index.php\/productie-outdoor\/\" \/>\n<meta property=\"og:locale\" content=\"en_US\" \/>\n<meta property=\"og:type\" content=\"article\" \/>\n<meta property=\"og:title\" content=\"Produc\u021bie Outdoor - Servicii Axico\" \/>\n<meta property=\"og:description\" content=\"Produc\u021bie Outdoor Home \u00bb Produc\u021bie OUTDOOR Oferim solu\u021bii complete de produc\u021bie outdoor, transform\u00e2nd spa\u021biile publice \u00een adev\u0103rate p\u00e2nze publicitare. Echipa\" \/>\n<meta property=\"og:url\" content=\"https:\/\/acidordesign.ro\/index.php\/productie-outdoor\/\" \/>\n<meta property=\"og:site_name\" content=\"Servicii Axico\" \/>\n<meta property=\"article:modified_time\" content=\"2024-11-08T11:12:04+00:00\" \/>\n<meta property=\"og:image\" content=\"https:\/\/acidordesign.ro\/wp-content\/uploads\/elementor\/thumbs\/Picture30-qwr41rbtwecy75refk7u818gxrdcgjjijjjdjga8q2.jpg\" \/>\n<meta name=\"twitter:card\" content=\"summary_large_image\" \/>\n<meta name=\"twitter:label1\" content=\"Est. reading time\" \/>\n\t<meta name=\"twitter:data1\" content=\"2 minutes\" \/>\n<script type=\"application\/ld+json\" class=\"yoast-schema-graph\">{\"@context\":\"https:\/\/schema.org\",\"@graph\":[{\"@type\":\"WebPage\",\"@id\":\"https:\/\/acidordesign.ro\/index.php\/productie-outdoor\/\",\"url\":\"https:\/\/acidordesign.ro\/index.php\/productie-outdoor\/\",\"name\":\"Produc\u021bie Outdoor - Servicii Axico\",\"isPartOf\":{\"@id\":\"https:\/\/acidordesign.ro\/#website\"},\"primaryImageOfPage\":{\"@id\":\"https:\/\/acidordesign.ro\/index.php\/productie-outdoor\/#primaryimage\"},\"image\":{\"@id\":\"https:\/\/acidordesign.ro\/index.php\/productie-outdoor\/#primaryimage\"},\"thumbnailUrl\":\"https:\/\/acidordesign.ro\/wp-content\/uploads\/elementor\/thumbs\/Picture30-qwr41rbtwecy75refk7u818gxrdcgjjijjjdjga8q2.jpg\",\"datePublished\":\"2024-03-23T12:45:11+00:00\",\"dateModified\":\"2024-11-08T11:12:04+00:00\",\"breadcrumb\":{\"@id\":\"https:\/\/acidordesign.ro\/index.php\/productie-outdoor\/#breadcrumb\"},\"inLanguage\":\"en-US\",\"potentialAction\":[{\"@type\":\"ReadAction\",\"target\":[\"https:\/\/acidordesign.ro\/index.php\/productie-outdoor\/\"]}]},{\"@type\":\"ImageObject\",\"inLanguage\":\"en-US\",\"@id\":\"https:\/\/acidordesign.ro\/index.php\/productie-outdoor\/#primaryimage\",\"url\":\"https:\/\/acidordesign.ro\/wp-content\/uploads\/elementor\/thumbs\/Picture30-qwr41rbtwecy75refk7u818gxrdcgjjijjjdjga8q2.jpg\",\"contentUrl\":\"https:\/\/acidordesign.ro\/wp-content\/uploads\/elementor\/thumbs\/Picture30-qwr41rbtwecy75refk7u818gxrdcgjjijjjdjga8q2.jpg\"},{\"@type\":\"BreadcrumbList\",\"@id\":\"https:\/\/acidordesign.ro\/index.php\/productie-outdoor\/#breadcrumb\",\"itemListElement\":[{\"@type\":\"ListItem\",\"position\":1,\"name\":\"Prima pagin\u0103\",\"item\":\"https:\/\/acidordesign.ro\/\"},{\"@type\":\"ListItem\",\"position\":2,\"name\":\"Produc\u021bie Outdoor\"}]},{\"@type\":\"WebSite\",\"@id\":\"https:\/\/acidordesign.ro\/#website\",\"url\":\"https:\/\/acidordesign.ro\/\",\"name\":\"Servicii Axico\",\"description\":\"\",\"potentialAction\":[{\"@type\":\"SearchAction\",\"target\":{\"@type\":\"EntryPoint\",\"urlTemplate\":\"https:\/\/acidordesign.ro\/?s={search_term_string}\"},\"query-input\":{\"@type\":\"PropertyValueSpecification\",\"valueRequired\":true,\"valueName\":\"search_term_string\"}}],\"inLanguage\":\"en-US\"}]}<\/script>\n<!-- \/ Yoast SEO plugin. -->","yoast_head_json":{"title":"Produc\u021bie Outdoor - Servicii Axico","robots":{"index":"index","follow":"follow","max-snippet":"max-snippet:-1","max-image-preview":"max-image-preview:large","max-video-preview":"max-video-preview:-1"},"canonical":"https:\/\/acidordesign.ro\/index.php\/productie-outdoor\/","og_locale":"en_US","og_type":"article","og_title":"Produc\u021bie Outdoor - Servicii Axico","og_description":"Produc\u021bie Outdoor Home \u00bb Produc\u021bie OUTDOOR Oferim solu\u021bii complete de produc\u021bie outdoor, transform\u00e2nd spa\u021biile publice \u00een adev\u0103rate p\u00e2nze publicitare. Echipa","og_url":"https:\/\/acidordesign.ro\/index.php\/productie-outdoor\/","og_site_name":"Servicii Axico","article_modified_time":"2024-11-08T11:12:04+00:00","og_image":[{"url":"https:\/\/acidordesign.ro\/wp-content\/uploads\/elementor\/thumbs\/Picture30-qwr41rbtwecy75refk7u818gxrdcgjjijjjdjga8q2.jpg"}],"twitter_card":"summary_large_image","twitter_misc":{"Est. reading time":"2 minutes"},"schema":{"@context":"https:\/\/schema.org","@graph":[{"@type":"WebPage","@id":"https:\/\/acidordesign.ro\/index.php\/productie-outdoor\/","url":"https:\/\/acidordesign.ro\/index.php\/productie-outdoor\/","name":"Produc\u021bie Outdoor - Servicii Axico","isPartOf":{"@id":"https:\/\/acidordesign.ro\/#website"},"primaryImageOfPage":{"@id":"https:\/\/acidordesign.ro\/index.php\/productie-outdoor\/#primaryimage"},"image":{"@id":"https:\/\/acidordesign.ro\/index.php\/productie-outdoor\/#primaryimage"},"thumbnailUrl":"https:\/\/acidordesign.ro\/wp-content\/uploads\/elementor\/thumbs\/Picture30-qwr41rbtwecy75refk7u818gxrdcgjjijjjdjga8q2.jpg","datePublished":"2024-03-23T12:45:11+00:00","dateModified":"2024-11-08T11:12:04+00:00","breadcrumb":{"@id":"https:\/\/acidordesign.ro\/index.php\/productie-outdoor\/#breadcrumb"},"inLanguage":"en-US","potentialAction":[{"@type":"ReadAction","target":["https:\/\/acidordesign.ro\/index.php\/productie-outdoor\/"]}]},{"@type":"ImageObject","inLanguage":"en-US","@id":"https:\/\/acidordesign.ro\/index.php\/productie-outdoor\/#primaryimage","url":"https:\/\/acidordesign.ro\/wp-content\/uploads\/elementor\/thumbs\/Picture30-qwr41rbtwecy75refk7u818gxrdcgjjijjjdjga8q2.jpg","contentUrl":"https:\/\/acidordesign.ro\/wp-content\/uploads\/elementor\/thumbs\/Picture30-qwr41rbtwecy75refk7u818gxrdcgjjijjjdjga8q2.jpg"},{"@type":"BreadcrumbList","@id":"https:\/\/acidordesign.ro\/index.php\/productie-outdoor\/#breadcrumb","itemListElement":[{"@type":"ListItem","position":1,"name":"Prima pagin\u0103","item":"https:\/\/acidordesign.ro\/"},{"@type":"ListItem","position":2,"name":"Produc\u021bie Outdoor"}]},{"@type":"WebSite","@id":"https:\/\/acidordesign.ro\/#website","url":"https:\/\/acidordesign.ro\/","name":"Servicii Axico","description":"","potentialAction":[{"@type":"SearchAction","target":{"@type":"EntryPoint","urlTemplate":"https:\/\/acidordesign.ro\/?s={search_term_string}"},"query-input":{"@type":"PropertyValueSpecification","valueRequired":true,"valueName":"search_term_string"}}],"inLanguage":"en-US"}]}},"_links":{"self":[{"href":"https:\/\/acidordesign.ro\/index.php\/wp-json\/wp\/v2\/pages\/16584","targetHints":{"allow":["GET"]}}],"collection":[{"href":"https:\/\/acidordesign.ro\/index.php\/wp-json\/wp\/v2\/pages"}],"about":[{"href":"https:\/\/acidordesign.ro\/index.php\/wp-json\/wp\/v2\/types\/page"}],"author":[{"embeddable":true,"href":"https:\/\/acidordesign.ro\/index.php\/wp-json\/wp\/v2\/users\/1"}],"replies":[{"embeddable":true,"href":"https:\/\/acidordesign.ro\/index.php\/wp-json\/wp\/v2\/comments?post=16584"}],"version-history":[{"count":19,"href":"https:\/\/acidordesign.ro\/index.php\/wp-json\/wp\/v2\/pages\/16584\/revisions"}],"predecessor-version":[{"id":17173,"href":"https:\/\/acidordesign.ro\/index.php\/wp-json\/wp\/v2\/pages\/16584\/revisions\/17173"}],"wp:attachment":[{"href":"https:\/\/acidordesign.ro\/index.php\/wp-json\/wp\/v2\/media?parent=16584"}],"curies":[{"name":"wp","href":"https:\/\/api.w.org\/{rel}","templated":true}]}}